{"id":1824,"date":"2025-08-28T19:35:44","date_gmt":"2025-08-28T19:35:44","guid":{"rendered":"https:\/\/balanced-body.lv\/products\/"},"modified":"2026-01-14T17:40:21","modified_gmt":"2026-01-14T17:40:21","slug":"produkti","status":"publish","type":"page","link":"https:\/\/balanced-body.lv\/lv\/produkti\/","title":{"rendered":"Produkti"},"content":{"rendered":"<p>Vai mekl\u0113jat Pilates apr\u012bkojumu, kas apvieno Joseph Pilates redz\u0113jumu ar modernaj\u0101m tehnolo\u0123ij\u0101m? Ieg\u016bstiet lab\u0101ko Pilates apr\u012bkojumu! \u0160eit atrad\u012bsiet visu \u2013 no inovat\u012bviem Reformeriem l\u012bdz b\u016btiskiem piederumiem. Pied\u0101v\u0101jam Balanced Body Pilates apr\u012bkojumu, kas garant\u0113 nepiecie\u0161amo kvalit\u0101ti Pilates studijai vai m\u0101jas treni\u0146iem.<\/p>\n    <section class=\"shop-categories-section\">\n        <div class=\"shop-categories-container\">\n            \n<div class=\"jk-mp-block-wrapper columns-3\">\n            <a href=\"https:\/\/balanced-body.lv\/lv\/pilates-reformers\/\" class=\"jk-mp-block-link\">\n            <div class=\"jk-mp-block\">\n                <div class=\"category-image-container\">\n                                                                    <img src=\"https:\/\/balanced-body.lv\/wp-content\/uploads\/2026\/01\/reformery-2.png\" \n                                                          srcset=\"https:\/\/balanced-body.lv\/wp-content\/uploads\/2026\/01\/reformery-2.png 346w\"\n                             sizes=\"346px\"\n                                                          alt=\"Reformers\" \n                             class=\"category-image\"\n                             loading=\"lazy\"\n                             decoding=\"async\" \/>\n                             \n                                        \n                    <div class=\"text\">\n                        <span class=\"text-top\">REFORMERS<\/span>\n                    <\/div>\n                <\/div>\n            <\/div>\n        <\/a>\n            <a href=\"https:\/\/balanced-body.lv\/lv\/pilates-reformers-with-tower\/\" class=\"jk-mp-block-link\">\n            <div class=\"jk-mp-block\">\n                <div class=\"category-image-container\">\n                                                                    <img src=\"https:\/\/balanced-body.lv\/wp-content\/uploads\/2026\/01\/reformery-z-wieza-pilates.png\" \n                                                          srcset=\"https:\/\/balanced-body.lv\/wp-content\/uploads\/2026\/01\/reformery-z-wieza-pilates.png 346w\"\n                             sizes=\"346px\"\n                                                          alt=\"Reformers ar Torni\" \n                             class=\"category-image\"\n                             loading=\"lazy\"\n                             decoding=\"async\" \/>\n                             \n                                        \n                    <div class=\"text\">\n                        <span class=\"text-top\">REFORMERS AR TORNI<\/span>\n                    <\/div>\n                <\/div>\n            <\/div>\n        <\/a>\n            <a href=\"https:\/\/balanced-body.lv\/lv\/pilates-cadillacs\/\" class=\"jk-mp-block-link\">\n            <div class=\"jk-mp-block\">\n                <div class=\"category-image-container\">\n                                                                    <img src=\"https:\/\/balanced-body.lv\/wp-content\/uploads\/2026\/01\/cadillac.png\" \n                                                          srcset=\"https:\/\/balanced-body.lv\/wp-content\/uploads\/2026\/01\/cadillac.png 346w\"\n                             sizes=\"346px\"\n                                                          alt=\"Cadillacs\" \n                             class=\"category-image\"\n                             loading=\"lazy\"\n                             decoding=\"async\" \/>\n                             \n                                        \n                    <div class=\"text\">\n                        <span class=\"text-top\">CADILLACS<\/span>\n                    <\/div>\n                <\/div>\n            <\/div>\n        <\/a>\n            <a href=\"https:\/\/balanced-body.lv\/lv\/barrels-and-arcs\/\" class=\"jk-mp-block-link\">\n            <div class=\"jk-mp-block\">\n                <div class=\"category-image-container\">\n                                                                    <img src=\"https:\/\/balanced-body.lv\/wp-content\/uploads\/2026\/01\/beczki-luki.png\" \n                                                          srcset=\"https:\/\/balanced-body.lv\/wp-content\/uploads\/2026\/01\/beczki-luki.png 346w\"\n                             sizes=\"346px\"\n                                                          alt=\"Barrels un Arcs\" \n                             class=\"category-image\"\n                             loading=\"lazy\"\n                             decoding=\"async\" \/>\n                             \n                                        \n                    <div class=\"text\">\n                        <span class=\"text-top\">BARRELS UN ARCS<\/span>\n                    <\/div>\n                <\/div>\n            <\/div>\n        <\/a>\n            <a href=\"https:\/\/balanced-body.lv\/lv\/pilates-chairs\/\" class=\"jk-mp-block-link\">\n            <div class=\"jk-mp-block\">\n                <div class=\"category-image-container\">\n                                                                    <img src=\"https:\/\/balanced-body.lv\/wp-content\/uploads\/2026\/01\/krzesla.png\" \n                                                          srcset=\"https:\/\/balanced-body.lv\/wp-content\/uploads\/2026\/01\/krzesla.png 346w\"\n                             sizes=\"346px\"\n                                                          alt=\"Kr\u0113sli\" \n                             class=\"category-image\"\n                             loading=\"lazy\"\n                             decoding=\"async\" \/>\n                             \n                                        \n                    <div class=\"text\">\n                        <span class=\"text-top\">KR\u0113SLI<\/span>\n                    <\/div>\n                <\/div>\n            <\/div>\n        <\/a>\n            <a href=\"https:\/\/balanced-body.lv\/lv\/pilates-towers\/\" class=\"jk-mp-block-link\">\n            <div class=\"jk-mp-block\">\n                <div class=\"category-image-container\">\n                                                                    <img src=\"https:\/\/balanced-body.lv\/wp-content\/uploads\/2026\/01\/wieze.png\" \n                                                          srcset=\"https:\/\/balanced-body.lv\/wp-content\/uploads\/2026\/01\/wieze.png 346w\"\n                             sizes=\"346px\"\n                                                          alt=\"Tor\u0146i\" \n                             class=\"category-image\"\n                             loading=\"lazy\"\n                             decoding=\"async\" \/>\n                             \n                                        \n                    <div class=\"text\">\n                        <span class=\"text-top\">TOR\u0146I<\/span>\n                    <\/div>\n                <\/div>\n            <\/div>\n        <\/a>\n            <a href=\"https:\/\/balanced-body.lv\/lv\/classical-pilates\/\" class=\"jk-mp-block-link\">\n            <div class=\"jk-mp-block\">\n                <div class=\"category-image-container\">\n                                                                    <img src=\"https:\/\/balanced-body.lv\/wp-content\/uploads\/2026\/01\/contrology.png\" \n                                                          srcset=\"https:\/\/balanced-body.lv\/wp-content\/uploads\/2026\/01\/contrology.png 346w\"\n                             sizes=\"346px\"\n                                                          alt=\"Klasiskais Pilates\" \n                             class=\"category-image\"\n                             loading=\"lazy\"\n                             decoding=\"async\" \/>\n                             \n                                        \n                    <div class=\"text\">\n                        <span class=\"text-top\">KLASISKAIS PILATES<\/span>\n                    <\/div>\n                <\/div>\n            <\/div>\n        <\/a>\n            <a href=\"https:\/\/balanced-body.lv\/lv\/accessories\/\" class=\"jk-mp-block-link\">\n            <div class=\"jk-mp-block\">\n                <div class=\"category-image-container\">\n                                                                    <img src=\"https:\/\/balanced-body.lv\/wp-content\/uploads\/2026\/01\/akcesoria.png\" \n                                                          srcset=\"https:\/\/balanced-body.lv\/wp-content\/uploads\/2026\/01\/akcesoria.png 346w\"\n                             sizes=\"346px\"\n                                                          alt=\"Aksesu\u0101ri\" \n                             class=\"category-image\"\n                             loading=\"lazy\"\n                             decoding=\"async\" \/>\n                             \n                                        \n                    <div class=\"text\">\n                        <span class=\"text-top\">ACCESSORIES<\/span>\n                    <\/div>\n                <\/div>\n            <\/div>\n        <\/a>\n            <a href=\"https:\/\/balanced-body.lv\/lv\/cits\/\" class=\"jk-mp-block-link\">\n            <div class=\"jk-mp-block\">\n                <div class=\"category-image-container\">\n                                                                    <img src=\"https:\/\/balanced-body.lv\/wp-content\/uploads\/2026\/01\/inne.png\" \n                                                          srcset=\"https:\/\/balanced-body.lv\/wp-content\/uploads\/2026\/01\/inne.png 346w\"\n                             sizes=\"346px\"\n                                                          alt=\"Cits\" \n                             class=\"category-image\"\n                             loading=\"lazy\"\n                             decoding=\"async\" \/>\n                             \n                                        \n                    <div class=\"text\">\n                        <span class=\"text-top\">CITS<\/span>\n                    <\/div>\n                <\/div>\n            <\/div>\n        <\/a>\n    <\/div>\n        <\/div>\n    <\/section>\n    \n<h2>Premium Pilates Equipment<\/h2>\n<p>Vai mekl\u0113jat Pilates trena\u017eierus, lai papla\u0161in\u0101tu savu nodarb\u012bbu pied\u0101v\u0101jumu, vai pl\u0101nojat piln\u012bb\u0101 apr\u012bkot savu telpu \u2013 m\u016bsu Pilates ma\u0161\u012bnas atbild\u012bs visaugst\u0101kaj\u0101m pras\u012bb\u0101m \u2013 gan jums, gan j\u016bsu klientiem. Pied\u0101v\u0101jam premium klases Pilates apr\u012bkojumu, kas izstr\u0101d\u0101ts ilgm\u016b\u017e\u012bbai un veiktsp\u0113jai.<\/p>\n<h3>Balanced Body Reformer \u2013 Pilates Studijas Apr\u012bkojuma Galven\u0101 Sast\u0101vda\u013ca<\/h3>\n<p>Pilates uz reformeriem ir dinamiska un efekt\u012bva metode sp\u0113ka un elast\u012bbas att\u012bst\u012b\u0161anai. T\u0101p\u0113c j\u0101fokus\u0113jas uz univers\u0101lu Pilates studijas apr\u012bkojumu, ko vada galvenie reformeru mode\u013ci, piem\u0113ram, Allegro 2, Allegro, Contrology vai Rialto. Lai ieg\u016btu v\u0113l vair\u0101k potenci\u0101la, apskatiet Reformerus ar torni un pakl\u0101ju \u2013 visaptvero\u0161s risin\u0101jums, kas \u013cauj veikt simtiem vingrin\u0101jumu, kas nekad neb\u016bs garlaic\u012bgi!<\/p>\n<h2>Citas Pilates Ma\u0161\u012bnas un Piederumi<\/h2>\n<p>Piln\u012bgs Pilates studijas apr\u012bkojuma komplekts nav tikai reformeris. M\u016bsu pied\u0101v\u0101jum\u0101 atrad\u012bsiet visas nepiecie\u0161am\u0101s Pilates ma\u0161\u012bnas:<\/p>\n<ul>\n<li>Cadillac Pilates: Paz\u012bstams ar\u012b k\u0101 Trapeze Table, neaizvietojams rehabilit\u0101cij\u0101 un progres\u012bvos piek\u0101r\u0161anas vingrin\u0101jumos.<\/li>\n<li>Pilates Chair (Wunda Chair): Lieliski piem\u0113rots intens\u012bvai stabiliz\u0101cijas apm\u0101c\u012bbai, ide\u0101li, ja vietas ir ierobe\u017eotas.<\/li>\n<li>Pilates Barrel un Spine Corrector: Svar\u012bga sast\u0101vda\u013ca, kas pal\u012bdz att\u012bst\u012bt mugurkaula elast\u012bbu un garumu.<\/li>\n<\/ul>\n<p>Pied\u0101v\u0101jumu papildina augstas kvalit\u0101tes Pilates piederumi, piem\u0113ram, pakl\u0101ji, Magic Circle un cita Pilates apr\u012bkojuma. \u0160ie maz\u0101kie elementi atbalsta un uzlabo j\u016bsu Pilates treni\u0146u. Apr\u012bkojiet savu studiju ar Balanced Body un izbaudiet Pilates metodes pilno potenci\u0101lu, neatkar\u012bgi no t\u0101, vai atverat profesion\u0101lu studiju vai fokus\u0113jaties uz funkcion\u0101lo m\u0101jas apr\u012bkojumu.<\/p>\n","protected":false},"excerpt":{"rendered":"<p>Vai mekl\u0113jat Pilates apr\u012bkojumu, kas apvieno Joseph Pilates redz\u0113jumu ar modernaj\u0101m tehnolo\u0123ij\u0101m? Ieg\u016bstiet lab\u0101ko Pilates apr\u012bkojumu! \u0160eit atrad\u012bsiet visu \u2013 no inovat\u012bviem Reformeriem l\u012bdz b\u016btiskiem piederumiem. Pied\u0101v\u0101jam Balanced Body Pilates apr\u012bkojumu, kas garant\u0113 nepiecie\u0161amo kvalit\u0101ti Pilates studijai vai m\u0101jas treni\u0146iem. Premium Pilates Equipment Vai mekl\u0113jat Pilates trena\u017eierus, lai papla\u0161in\u0101tu savu nodarb\u012bbu pied\u0101v\u0101jumu, vai pl\u0101nojat piln\u012bb\u0101&#8230;<\/p>\n","protected":false},"author":1,"featured_media":0,"parent":0,"menu_order":0,"comment_status":"closed","ping_status":"closed","template":"page-products.php","meta":{"_acf_changed":false,"_kad_post_transparent":"default","_kad_post_title":"default","_kad_post_layout":"default","_kad_post_sidebar_id":"","_kad_post_content_style":"default","_kad_post_vertical_padding":"default","_kad_post_feature":"","_kad_post_feature_position":"","_kad_post_header":false,"_kad_post_footer":false,"_kad_post_classname":"","footnotes":""},"class_list":["post-1824","page","type-page","status-publish","hentry"],"acf":[],"_links":{"self":[{"href":"https:\/\/balanced-body.lv\/lv\/wp-json\/wp\/v2\/pages\/1824","targetHints":{"allow":["GET"]}}],"collection":[{"href":"https:\/\/balanced-body.lv\/lv\/wp-json\/wp\/v2\/pages"}],"about":[{"href":"https:\/\/balanced-body.lv\/lv\/wp-json\/wp\/v2\/types\/page"}],"author":[{"embeddable":true,"href":"https:\/\/balanced-body.lv\/lv\/wp-json\/wp\/v2\/users\/1"}],"replies":[{"embeddable":true,"href":"https:\/\/balanced-body.lv\/lv\/wp-json\/wp\/v2\/comments?post=1824"}],"version-history":[{"count":2,"href":"https:\/\/balanced-body.lv\/lv\/wp-json\/wp\/v2\/pages\/1824\/revisions"}],"predecessor-version":[{"id":11613,"href":"https:\/\/balanced-body.lv\/lv\/wp-json\/wp\/v2\/pages\/1824\/revisions\/11613"}],"wp:attachment":[{"href":"https:\/\/balanced-body.lv\/lv\/wp-json\/wp\/v2\/media?parent=1824"}],"curies":[{"name":"wp","href":"https:\/\/api.w.org\/{rel}","templated":true}]}}