{"id":2356,"date":"2025-08-30T08:19:34","date_gmt":"2025-08-30T08:19:34","guid":{"rendered":"https:\/\/balanced-body.lv\/product\/corealign\/"},"modified":"2025-11-20T10:01:35","modified_gmt":"2025-11-20T10:01:35","slug":"corealign","status":"publish","type":"product","link":"https:\/\/balanced-body.lv\/lv\/corealign\/","title":{"rendered":"CoreAlign"},"content":{"rendered":"<p>CoreAlign ir izcils apr\u012bkojums, kas rad\u012bts, balstoties uz vair\u0101k nek\u0101 40 gadu pieredzi un sadarb\u012bbu ar daudziem pasniedz\u0113jiem no visas pasaules. T\u0101 daudzpus\u012bbu apliecina fakts, ka to var izmantot rehabilit\u0101cij\u0101, sporta treni\u0146os, k\u0101 ar\u012b \u0137erme\u0146a un pr\u0101ta vingrin\u0101jumos, un ar t\u0101 pal\u012bdz\u012bbu iesp\u0113jams veikt simtiem kust\u012bbu vingrin\u0101jumu.<\/p>\n<p>CoreAlign \u013cauj uzlabot st\u0101ju, l\u012bdzsvaru un funkcion\u0101lo kust\u012bbu. To veiksm\u012bgi izmanto rehabilit\u0101cij\u0101 \u2013 vingrojumu programmu izstr\u0101d\u0101jis fizioterapeits D\u017eonatans Hofmans \u2013 un t\u0101 efekt\u012bvi atbalsta balsta un kust\u012bbu apar\u0101ta rehabilit\u0101ciju, stimul\u0113jot stabiliz\u0113jo\u0161os musku\u013cus dzi\u013cas stiep\u0161an\u0101s un aerob\u0101s slodzes laik\u0101. Tom\u0113r CoreAlign ir ar\u012b lielisks r\u012bks \u0137erme\u0146a un sportisk\u0101s veiktsp\u0113jas uzlabo\u0161anai, k\u0101 ar\u012b optim\u0101las fizisk\u0101s formas un vesel\u012bga dz\u012bvesveida uztur\u0113\u0161anai. CoreAlign nodro\u0161ina aizraujo\u0161u un izaicino\u0161u treni\u0146u. Lietot\u0101ji sajut\u012bs at\u0161\u0137ir\u012bbu jau p\u0113c pirm\u0101s nodarb\u012bbas, neatkar\u012bgi no vi\u0146u fiziskaj\u0101m sp\u0113j\u0101m.<\/p>\n<p>CoreAlign sast\u0101v no r\u0101mja, kur\u0101 divi neatkar\u012bgi rati p\u0101rvietojas pa div\u0101m slied\u0113m abos virzienos, ar regul\u0113jamu pretest\u012bbu, nodro\u0161inot kust\u012bbas atbalstu.<\/p>\n<p>Lai gan CoreAlign pats par sevi \u013cauj veikt da\u017e\u0101dus vingrin\u0101jumus, t\u0101 piln\u012bgai funkcionalit\u0101tei nepiecie\u0161ams papildu k\u0101p\u0146u elements (piestiprin\u0101ms pie sienas vai br\u012bvi st\u0101vo\u0161s).<\/p>\n<p>Ier\u012bcei ir ierobe\u017eota 5 gadu garantija.<\/p>\n","protected":false},"excerpt":{"rendered":"<p>Unik\u0101la ier\u012bce rehabilit\u0101cijai, visp\u0101r\u0113j\u0101s fizisk\u0101s sagatavot\u012bbas uzlabo\u0161anai un sporta treni\u0146iem. T\u0101 tiek izmantota \u0137erme\u0146a un pr\u0101ta, funkcion\u0101lajiem, visp\u0101r\u0113j\u0101s att\u012bst\u012bbas vingrin\u0101jumiem, k\u0101 ar\u012b l\u012bdzsvara un gaitas uzlabo\u0161anai.<\/p>\n<ul>\n<li>Ide\u0101ls atbalsts rehabilit\u0101cijai un veiktsp\u0113jas treni\u0146iem<\/li>\n<li>Stabila konstrukcija no mas\u012bvk\u013cavas koka<\/li>\n<li>Kluss un vienm\u0113r\u012bgs kust\u012bbas process, pateicoties rite\u0146iem ar dubultajiem gult\u0146iem<\/li>\n<li>Divi neatkar\u012bgi rati\u0146i<\/li>\n<li>Komplekt\u0101 ietilpst rokturi un pretest\u012bbas lentes<\/li>\n<li>P\u0113c izv\u0113les pieejamas k\u0101pnes funkcionalit\u0101tes papla\u0161in\u0101\u0161anai<\/li>\n<li>Ierobe\u017eota 5 gadu garantija<\/li>\n<\/ul>\n","protected":false},"featured_media":2358,"template":"","meta":{"_acf_changed":false,"_kad_post_transparent":"","_kad_post_title":"","_kad_post_layout":"","_kad_post_sidebar_id":"","_kad_post_content_style":"","_kad_post_vertical_padding":"","_kad_post_feature":"","_kad_post_feature_position":"","_kad_post_header":false,"_kad_post_footer":false,"_kad_post_classname":""},"product_brand":[],"product_cat":[172],"product_tag":[306,326,327],"class_list":{"0":"post-2356","1":"product","2":"type-product","3":"status-publish","4":"has-post-thumbnail","6":"product_cat-cits","7":"product_tag-balanced-body","8":"product_tag-core-align","9":"product_tag-corealign","11":"first","12":"instock","13":"sold-individually","14":"shipping-taxable","15":"product-type-simple","16":"entry","17":"content-bg","18":"loop-entry"},"acf":[],"_links":{"self":[{"href":"https:\/\/balanced-body.lv\/lv\/wp-json\/wp\/v2\/product\/2356","targetHints":{"allow":["GET"]}}],"collection":[{"href":"https:\/\/balanced-body.lv\/lv\/wp-json\/wp\/v2\/product"}],"about":[{"href":"https:\/\/balanced-body.lv\/lv\/wp-json\/wp\/v2\/types\/product"}],"wp:featuredmedia":[{"embeddable":true,"href":"https:\/\/balanced-body.lv\/lv\/wp-json\/wp\/v2\/media\/2358"}],"wp:attachment":[{"href":"https:\/\/balanced-body.lv\/lv\/wp-json\/wp\/v2\/media?parent=2356"}],"wp:term":[{"taxonomy":"product_brand","embeddable":true,"href":"https:\/\/balanced-body.lv\/lv\/wp-json\/wp\/v2\/product_brand?post=2356"},{"taxonomy":"product_cat","embeddable":true,"href":"https:\/\/balanced-body.lv\/lv\/wp-json\/wp\/v2\/product_cat?post=2356"},{"taxonomy":"product_tag","embeddable":true,"href":"https:\/\/balanced-body.lv\/lv\/wp-json\/wp\/v2\/product_tag?post=2356"}],"curies":[{"name":"wp","href":"https:\/\/api.w.org\/{rel}","templated":true}]}}