{"id":2514,"date":"2025-08-30T08:09:16","date_gmt":"2025-08-30T08:09:16","guid":{"rendered":"https:\/\/balanced-body.lv\/product\/single-loops\/"},"modified":"2025-11-20T10:01:45","modified_gmt":"2025-11-20T10:01:45","slug":"single-loops","status":"publish","type":"product","link":"https:\/\/balanced-body.lv\/lv\/single-loops\/","title":{"rendered":"Single Loops"},"content":{"rendered":"<p>Single Loops no Balanced Body pied\u0101v\u0101 elast\u012bbu un komfortu \u010detros variantos: Cotton D-Ring, Padded D-Ring, Padded SoftTouch un Cotton SoftTouch.<\/p>\n<p>Cotton D-Ring ir standarta vienas cilpas, kas izgatavotas no iztur\u012bgas kokvilnas siksnas ar D-veida gredzena stiprin\u0101jumu. Savuk\u0101rt Padded D-Ring ir kokvilnas cilpas ar polster\u0113jumu un D-veida savienot\u0101ju \u2013 ide\u0101li piem\u0113rotas tiem, kuri nov\u0113rt\u0113 komfortu vingrojumu laik\u0101.<\/p>\n<p>Cotton SoftTouch vienas cilpas apvieno komfortu ar klusu darb\u012bbu. T\u0101s ir izgatavotas no kokvilnas siksnas un izmanto virves stiprin\u0101juma sist\u0113mu, kas nodro\u0161ina klusu treni\u0146u bez lieka trok\u0161\u0146a. SoftTouch cilpas ir pieejamas ar\u012b ar polster\u0113jumu (Padded SoftTouch) v\u0113l liel\u0101kam komfortam.<\/p>\n<p>Single Loops ir standarta, ta\u010du uzticami treni\u0146u aksesu\u0101ri. J\u016bs varat piel\u0101got t\u0101s sav\u0101m vai klientu vajadz\u012bb\u0101m, izv\u0113loties k\u0101du no 4 da\u017e\u0101d\u0101m iesp\u0113j\u0101m. T\u0101s nodro\u0161ina komfortu un izcilu efektivit\u0101ti katra treni\u0146a laik\u0101.<\/p>\n","protected":false},"excerpt":{"rendered":"<p>Single Loops ir uzticams aksesu\u0101rs, kas piel\u0101gojas individu\u0101laj\u0101m vajadz\u012bb\u0101m, nodro\u0161inot komfortu un efektivit\u0101ti katr\u0101 treni\u0146\u0101. Balanced Body vienas cilpas ir pieejamas 4 versij\u0101s: standarta vienas cilpas no iztur\u012bgas kokvilnas lentes ar D-veida gredzena stiprin\u0101jumu; polster\u0113tas vienas cilpas ar m\u012bkstin\u0101jumu no kokvilnas lentes ar polster\u0113jumu un D-veida savienot\u0101ju; polster\u0113tas SoftTouch vienas cilpas no kokvilnas lentes, pieejamas gan standarta, gan polster\u0113t\u0101 versij\u0101 ar virves stiprin\u0101jumu.<\/p>\n<ul>\n<li>\u010cetri Single Loops veidi: Cotton D-Ring, Padded D-Ring, Padded SoftTouch, Cotton SoftTouch<\/li>\n<li>Kokvilnas siksna pieejama standarta, polster\u0113t\u0101 vai SoftTouch versij\u0101<\/li>\n<li>Stiprin\u0101mas tie\u0161i pie virves sist\u0113mas vai ar D-veida gredzenu<\/li>\n<li>P\u0101rdod komplekt\u0101 pa diviem gabaliem (2 gab.)<\/li>\n<\/ul>\n","protected":false},"featured_media":2515,"template":"","meta":{"_acf_changed":false,"_kad_post_transparent":"default","_kad_post_title":"","_kad_post_layout":"default","_kad_post_sidebar_id":"","_kad_post_content_style":"default","_kad_post_vertical_padding":"default","_kad_post_feature":"","_kad_post_feature_position":"","_kad_post_header":false,"_kad_post_footer":false,"_kad_post_classname":""},"product_brand":[],"product_cat":[161],"product_tag":[306,1374],"class_list":{"0":"post-2514","1":"product","2":"type-product","3":"status-publish","4":"has-post-thumbnail","6":"product_cat-loops-handles-footstraps","7":"product_tag-balanced-body","8":"product_tag-single-loops","10":"first","11":"instock","12":"sold-individually","13":"shipping-taxable","14":"product-type-simple","15":"entry","16":"content-bg","17":"loop-entry"},"acf":[],"_links":{"self":[{"href":"https:\/\/balanced-body.lv\/lv\/wp-json\/wp\/v2\/product\/2514","targetHints":{"allow":["GET"]}}],"collection":[{"href":"https:\/\/balanced-body.lv\/lv\/wp-json\/wp\/v2\/product"}],"about":[{"href":"https:\/\/balanced-body.lv\/lv\/wp-json\/wp\/v2\/types\/product"}],"wp:featuredmedia":[{"embeddable":true,"href":"https:\/\/balanced-body.lv\/lv\/wp-json\/wp\/v2\/media\/2515"}],"wp:attachment":[{"href":"https:\/\/balanced-body.lv\/lv\/wp-json\/wp\/v2\/media?parent=2514"}],"wp:term":[{"taxonomy":"product_brand","embeddable":true,"href":"https:\/\/balanced-body.lv\/lv\/wp-json\/wp\/v2\/product_brand?post=2514"},{"taxonomy":"product_cat","embeddable":true,"href":"https:\/\/balanced-body.lv\/lv\/wp-json\/wp\/v2\/product_cat?post=2514"},{"taxonomy":"product_tag","embeddable":true,"href":"https:\/\/balanced-body.lv\/lv\/wp-json\/wp\/v2\/product_tag?post=2514"}],"curies":[{"name":"wp","href":"https:\/\/api.w.org\/{rel}","templated":true}]}}