{"id":2524,"date":"2025-08-30T08:08:59","date_gmt":"2025-08-30T08:08:59","guid":{"rendered":"https:\/\/balanced-body.lv\/product\/double-loops\/"},"modified":"2025-11-20T10:01:45","modified_gmt":"2025-11-20T10:01:45","slug":"double-loops","status":"publish","type":"product","link":"https:\/\/balanced-body.lv\/lv\/double-loops\/","title":{"rendered":"Double Loops"},"content":{"rendered":"<p>Double Loops no Balanced Body ir inovat\u012bvs risin\u0101jums, pieejams \u010detr\u0101s versij\u0101s: Cotton D-Ring, Padded D-Ring, Cotton SoftTouch un Padded SoftTouch. Balanced Body izstr\u0101d\u0101t\u0101s cilpas pied\u0101v\u0101 \u0113rtu divi-vien\u0101 dizainu: \u012bs\u0101ka cilpa rokai un gar\u0101ka k\u0101jai, kas uzlabo treni\u0146a efektivit\u0101ti un samazina nepiecie\u0161am\u012bbu regul\u0113t siksnas.<\/p>\n<p>Double Loops ir lieliska izv\u0113le, ja v\u0113laties vienm\u0113r\u012bg\u0101kas p\u0101rejas uz reformera. D-Ring un SoftTouch versijas ir polipropil\u0113na vai kokvilnas polster\u0113tas, \u013caujot izv\u0113l\u0113ties atbilsto\u0161i person\u012bgaj\u0101m v\u0113lm\u0113m. D-Ring cilpas pie siksn\u0101m tiek piestiprin\u0101tas ar tradicion\u0101liem met\u0101la klip\u0161iem, savuk\u0101rt SoftTouch cilp\u0101m nav nepiecie\u0161ami met\u0101la komponenti, nodro\u0161inot klus\u0101ku darb\u012bbu vis\u0101 sist\u0113m\u0101.<\/p>\n<p>Neatkar\u012bgi no izv\u0113l\u0113t\u0101s versijas, \u012bs\u0101s cilpas garums ir 25 cm, bet gar\u0101s \u2013 40 cm, nov\u0113r\u0161ot bie\u017eu siksnu regul\u0113\u0161anu treni\u0146a laik\u0101. Lai kuru variantu j\u016bs izv\u0113l\u0113tos, visas Double Loops cilpas regul\u0101ri j\u0101mazg\u0101 aukst\u0101 \u016bden\u012b un j\u0101\u017e\u0101v\u0113 gais\u0101, lai saglab\u0101tu to iztur\u012bbu un higi\u0113nu. Atkl\u0101jiet Balanced Body dubulto cilpu komfortu un daudzpus\u012bbu.<\/p>\n","protected":false},"excerpt":{"rendered":"<p>Balanced Body Double Loops ir revolucion\u0101ras 2-in-1 cilpas, kas pied\u0101v\u0101 gan \u012bso cilpu rok\u0101m, gan garo cilpu k\u0101j\u0101m. Pieejamas 4 versij\u0101s: Cotton D-Ring, Padded D-Ring, Cotton SoftTouch un Padded SoftTouch. Integr\u0113t\u0101s cilpas padara darbu ar reformeru vienk\u0101r\u0161\u0101ku, nov\u0113r\u0161ot nepiecie\u0161am\u012bbu past\u0101v\u012bgi piel\u0101got virves. Izv\u0113lieties starp D-Ring versiju ar met\u0101la klipsi vai SoftTouch versiju bez met\u0101la deta\u013c\u0101m. Ergonomiskas un daudzpus\u012bgas, \u0161\u012bs cilpas ir b\u016btisks elements efekt\u012bvam treni\u0146am.<\/p>\n<ul>\n<li>Divk\u0101r\u0161as 2-in-1 cilpas: \u012bs\u0101 cilpa (25 cm) rok\u0101m un gar\u0101 cilpa (40 cm) k\u0101j\u0101m<\/li>\n<li>\u010cetri Double Loops veidi: Cotton D-Ring, Padded D-Ring, Cotton SoftTouch, Padded SoftTouch<\/li>\n<li>Piel\u0101gojamas individu\u0101l\u0101m v\u0113lm\u0113m<\/li>\n<li>Piestiprin\u0101\u0161ana ar virvi vai met\u0101la D-gredzenu<\/li>\n<li>Polipropil\u0113na vai kokvilnas polster\u0113jums<\/li>\n<li>P\u0101rdodas pa p\u0101riem (2 gabali)<\/li>\n<\/ul>\n","protected":false},"featured_media":2525,"template":"","meta":{"_acf_changed":false,"_kad_post_transparent":"default","_kad_post_title":"","_kad_post_layout":"default","_kad_post_sidebar_id":"","_kad_post_content_style":"default","_kad_post_vertical_padding":"default","_kad_post_feature":"","_kad_post_feature_position":"","_kad_post_header":false,"_kad_post_footer":false,"_kad_post_classname":""},"product_brand":[],"product_cat":[161],"product_tag":[306,1368],"class_list":{"0":"post-2524","1":"product","2":"type-product","3":"status-publish","4":"has-post-thumbnail","6":"product_cat-loops-handles-footstraps","7":"product_tag-balanced-body","8":"product_tag-double-loops","10":"first","11":"instock","12":"sold-individually","13":"shipping-taxable","14":"product-type-simple","15":"entry","16":"content-bg","17":"loop-entry"},"acf":[],"_links":{"self":[{"href":"https:\/\/balanced-body.lv\/lv\/wp-json\/wp\/v2\/product\/2524","targetHints":{"allow":["GET"]}}],"collection":[{"href":"https:\/\/balanced-body.lv\/lv\/wp-json\/wp\/v2\/product"}],"about":[{"href":"https:\/\/balanced-body.lv\/lv\/wp-json\/wp\/v2\/types\/product"}],"wp:featuredmedia":[{"embeddable":true,"href":"https:\/\/balanced-body.lv\/lv\/wp-json\/wp\/v2\/media\/2525"}],"wp:attachment":[{"href":"https:\/\/balanced-body.lv\/lv\/wp-json\/wp\/v2\/media?parent=2524"}],"wp:term":[{"taxonomy":"product_brand","embeddable":true,"href":"https:\/\/balanced-body.lv\/lv\/wp-json\/wp\/v2\/product_brand?post=2524"},{"taxonomy":"product_cat","embeddable":true,"href":"https:\/\/balanced-body.lv\/lv\/wp-json\/wp\/v2\/product_cat?post=2524"},{"taxonomy":"product_tag","embeddable":true,"href":"https:\/\/balanced-body.lv\/lv\/wp-json\/wp\/v2\/product_tag?post=2524"}],"curies":[{"name":"wp","href":"https:\/\/api.w.org\/{rel}","templated":true}]}}