{"id":2609,"date":"2025-08-29T11:14:42","date_gmt":"2025-08-29T11:14:42","guid":{"rendered":"https:\/\/balanced-body.lv\/product\/footstraps\/"},"modified":"2025-11-20T10:01:50","modified_gmt":"2025-11-20T10:01:50","slug":"footstraps","status":"publish","type":"product","link":"https:\/\/balanced-body.lv\/lv\/footstraps\/","title":{"rendered":"Footstraps"},"content":{"rendered":"<p>K\u0101ju siksna ir izstr\u0101d\u0101ta, \u0146emot v\u0113r\u0101 dro\u0161\u012bbu un stabilit\u0101ti reformera vingrin\u0101jumu laik\u0101. T\u0101 nodro\u0161ina dro\u0161u p\u0113du novietojumu intens\u012bvu treni\u0146u laik\u0101. Piem\u0113rota Balanced Body reformeriem, t\u0101 ir apr\u012bkota ar speci\u0101liem karab\u012bniem, kas atvieglo uzst\u0101d\u012b\u0161anu. Footstraps ir pieejamas da\u017e\u0101dos garumos un var b\u016bt izgatavotas no kokvilnas vai ar polster\u0113jumu, \u013caujot lietot\u0101jam izv\u0113l\u0113ties atbilsto\u0161i sav\u0101m v\u0113lm\u0113m.<\/p>\n<p>K\u0101ju siksnas garumu var piel\u0101got individu\u0101l\u0101m vajadz\u012bb\u0101m, ta\u010du ieteicams izv\u0113l\u0113ties izm\u0113ru, \u0146emot v\u0113r\u0101 konkr\u0113to reformera modeli. Koka reformeriem siksnas veidu var noteikt ar\u012b mode\u013ca Footbar.<\/p>\n<p>Footstrap ir neaizvietojams vingrin\u0101jumos ar Sitting Box. T\u0101s galvenais m\u0113r\u0137is ir nodro\u0161in\u0101t un stabiliz\u0113t lietot\u0101ja p\u0113das. \u0160is aksesu\u0101rs b\u016btiski uzlabo treni\u0146u, palielinot vingrin\u0101jumu daudzveid\u012bbu. Siksna ir \u012bpa\u0161i noder\u012bga vingrin\u0101jumos, piem\u0113ram, Mermaid vai Short Box, kur t\u0101 dro\u0161i notur vienu vai abas p\u0113das, nodro\u0161inot stabilit\u0101ti un dro\u0161\u012bbu intens\u012bvu treni\u0146u laik\u0101.<\/p>\n<p>Footstraps ir \u012bpa\u0161i popul\u0101ras, lietojot t\u0101s kop\u0101 ar Sitting Box uz Allegro, Allegro 2 vai Metro IQ Reformer, papla\u0161inot treni\u0146u iesp\u0113jas. Ir svar\u012bgi izv\u0113l\u0113ties pareizo Footstrap konkr\u0113tajam reformera modelim, lai sasniegtu optim\u0101lus rezult\u0101tus vingrin\u0101jumu laik\u0101.<\/p>\n","protected":false},"excerpt":{"rendered":"<p>Balanced Body Footstraps nodro\u0161ina daudzpus\u012bbu un p\u0113du stabilit\u0101ti treni\u0146u laik\u0101 uz reformera. Neaizvietojams aksesu\u0101rs, str\u0101d\u0101jot ar Sitting Box. Kokvilnas k\u0101ju siksna ir pieejama da\u017e\u0101dos garumos. Viegli un \u0101tri uzst\u0101d\u0101ma, izmantojot iztur\u012bgus karab\u012bnus. Piel\u0101gojiet siksnas garumu savam apr\u012bkojumam un izv\u0113lieties starp kokvilnas vai polster\u0113to versiju.<\/p>\n<ul>\n<li>P\u0113du atbalsts un stabiliz\u0101cija<\/li>\n<li>Siksna, kas nostiprina p\u0113das vingrojumu laik\u0101<\/li>\n<li>Viegla un \u0101tra uzst\u0101d\u012b\u0161ana ar karab\u012bnu pal\u012bdz\u012bbu<\/li>\n<li>Pieejama kokvilnas vai polster\u0113t\u0101 versij\u0101<\/li>\n<li>Pieejama da\u017e\u0101dos garumos, piel\u0101gota reformera tipam vai lietot\u0101ja v\u0113lm\u0113m<\/li>\n<li>Var mazg\u0101t ve\u013casma\u0161\u012bn\u0101 un \u017e\u0101v\u0113t ve\u013cas \u017e\u0101v\u0113t\u0101j\u0101<\/li>\n<\/ul>\n","protected":false},"featured_media":2610,"template":"","meta":{"_acf_changed":false,"_kad_post_transparent":"default","_kad_post_title":"","_kad_post_layout":"default","_kad_post_sidebar_id":"","_kad_post_content_style":"default","_kad_post_vertical_padding":"default","_kad_post_feature":"","_kad_post_feature_position":"","_kad_post_header":false,"_kad_post_footer":false,"_kad_post_classname":""},"product_brand":[],"product_cat":[161],"product_tag":[1266],"class_list":{"0":"post-2609","1":"product","2":"type-product","3":"status-publish","4":"has-post-thumbnail","6":"product_cat-loops-handles-footstraps","7":"product_tag-footstraps","9":"first","10":"instock","11":"sold-individually","12":"shipping-taxable","13":"product-type-simple","14":"entry","15":"content-bg","16":"loop-entry"},"acf":[],"_links":{"self":[{"href":"https:\/\/balanced-body.lv\/lv\/wp-json\/wp\/v2\/product\/2609","targetHints":{"allow":["GET"]}}],"collection":[{"href":"https:\/\/balanced-body.lv\/lv\/wp-json\/wp\/v2\/product"}],"about":[{"href":"https:\/\/balanced-body.lv\/lv\/wp-json\/wp\/v2\/types\/product"}],"wp:featuredmedia":[{"embeddable":true,"href":"https:\/\/balanced-body.lv\/lv\/wp-json\/wp\/v2\/media\/2610"}],"wp:attachment":[{"href":"https:\/\/balanced-body.lv\/lv\/wp-json\/wp\/v2\/media?parent=2609"}],"wp:term":[{"taxonomy":"product_brand","embeddable":true,"href":"https:\/\/balanced-body.lv\/lv\/wp-json\/wp\/v2\/product_brand?post=2609"},{"taxonomy":"product_cat","embeddable":true,"href":"https:\/\/balanced-body.lv\/lv\/wp-json\/wp\/v2\/product_cat?post=2609"},{"taxonomy":"product_tag","embeddable":true,"href":"https:\/\/balanced-body.lv\/lv\/wp-json\/wp\/v2\/product_tag?post=2609"}],"curies":[{"name":"wp","href":"https:\/\/api.w.org\/{rel}","templated":true}]}}