{"id":2679,"date":"2025-08-29T11:11:12","date_gmt":"2025-08-29T11:11:12","guid":{"rendered":"https:\/\/balanced-body.lv\/product\/allegro-2-standing-platform-extender\/"},"modified":"2026-04-13T10:44:26","modified_gmt":"2026-04-13T10:44:26","slug":"allegro-2-standing-platform-extender","status":"publish","type":"product","link":"https:\/\/balanced-body.lv\/lv\/allegro-2-standing-platform-extender\/","title":{"rendered":"Allegro 2 Reformer Platform Extender"},"content":{"rendered":"<p>Platform Extender ir piederums, kas \u013cauj pievienot jaunas funkcionalit\u0101tes j\u016bsu Allegro 2 Reformer, palielinot Platform izm\u0113ru. Extender dubulto gan standarta platformas platumu, gan dzi\u013cumu, radot \u0113rtu, lielu un stabilu virsmu da\u017e\u0101diem vingrin\u0101jumiem. Tas ir izstr\u0101d\u0101ts, lai atbalst\u012btu treni\u0146u progresu, pied\u0101v\u0101jot jaunus vingrin\u0101jumu variantus, da\u017e\u0101dojot treni\u0146u un nodro\u0161inot dro\u0161\u0101ku atbalstu tiem lietot\u0101jiem, kam tas nepiecie\u0161ams, k\u0101 ar\u012b uzlabotu funkcionalit\u0101ti tiem, kuriem ir liel\u0101ks p\u0113du izm\u0113rs. Papildu platforma \u013cauj veikt da\u017e\u0101dus st\u0101vus, ce\u013cos un gu\u013cus vingrin\u0101jumus, nodro\u0161inot stabilu atbalstu rok\u0101m un k\u0101j\u0101m.<\/p>\n<p>Platform Extender ir izgatavots no k\u013cavas koka un lieliski sader ar Allegro 2 Reformer. Nesl\u012bdo\u0161a virsma nodro\u0161ina dro\u0161u un stabilu poz\u012bciju vingrin\u0101jumu laik\u0101. Komplekt\u0101 iek\u013cauta speci\u0101li izstr\u0101d\u0101ta pakl\u0101ji\u0146a, kas p\u0101rkl\u0101j visu papla\u0161in\u0101to platformu, nodro\u0161ina komfortu vingrin\u0101jumu laik\u0101 un piel\u0101go t\u0101s augstumu reformera kust\u012bg\u0101s da\u013cas augstumam.<\/p>\n<p>Platform Extender \u013cauj vienlaikus izmantot liel\u0101ku platformu un Jumpboard kop\u0101 ar Allegro 2 Reformer, t\u0101d\u0113j\u0101di da\u017e\u0101dojot j\u016bsu treni\u0146u. Platformas uzst\u0101d\u012b\u0161ana ir vienk\u0101r\u0161a un neprasa papildu instrumentus \u2013 vienk\u0101r\u0161i ieslidiniet to viet\u0101.<\/p>\n","protected":false},"excerpt":{"rendered":"<p>Papildu platforma ar nesl\u012bdo\u0161u virsmu, kas piem\u0113rota Allegro 2 Reformer un palielina ieb\u016bv\u0113t\u0101s st\u0101v\u0113\u0161anas platformas virsmas laukumu. T\u0101 uzlabo ier\u012bces funkcionalit\u0101ti, nodro\u0161ina papildu atbalstu lietot\u0101jiem un papla\u0161ina vingrin\u0101jumu kl\u0101stu.<\/p>\n<ul>\n<li>Paredz\u0113ta Allegro 2 Reformer<br \/>\nT\u0101 dubulto ieb\u016bv\u0113t\u0101s st\u0101v\u0113\u0161anas platformas virsmas laukumu<\/li>\n<li>Izgatavota no k\u013cavas koka ar nesl\u012bdo\u0161u virsmu<\/li>\n<li>Apr\u012bkota ar \u0113rtu polster\u0113jumu, kas piel\u0101go platformas augstumu atbilsto\u0161i kust\u012bgajai da\u013cai<\/li>\n<li>Var izmantot vienlaikus ar Jumpboard<\/li>\n<li>Viegla un \u0101tra piestiprin\u0101\u0161ana bez sare\u017e\u0123\u012btas uzst\u0101d\u012b\u0161anas<\/li>\n<li>Piem\u0113rota vingrin\u0101jumiem st\u0101vot, ce\u013cos un gu\u013cus poz\u012bcij\u0101<\/li>\n<li>Izm\u0113ri: 63,5 x 14,6 cm<\/li>\n<\/ul>\n","protected":false},"featured_media":2680,"template":"","meta":{"_acf_changed":false,"_kad_post_transparent":"default","_kad_post_title":"","_kad_post_layout":"default","_kad_post_sidebar_id":"","_kad_post_content_style":"default","_kad_post_vertical_padding":"default","_kad_post_feature":"","_kad_post_feature_position":"","_kad_post_header":false,"_kad_post_footer":false,"_kad_post_classname":""},"product_brand":[],"product_cat":[165],"product_tag":[1506],"class_list":{"0":"post-2679","1":"product","2":"type-product","3":"status-publish","4":"has-post-thumbnail","6":"product_cat-standing-platform-extenders","7":"product_tag-allegro-2-reformer-platform-extender","9":"first","10":"instock","11":"sold-individually","12":"shipping-taxable","13":"product-type-simple","14":"entry","15":"content-bg","16":"loop-entry"},"acf":[],"_links":{"self":[{"href":"https:\/\/balanced-body.lv\/lv\/wp-json\/wp\/v2\/product\/2679","targetHints":{"allow":["GET"]}}],"collection":[{"href":"https:\/\/balanced-body.lv\/lv\/wp-json\/wp\/v2\/product"}],"about":[{"href":"https:\/\/balanced-body.lv\/lv\/wp-json\/wp\/v2\/types\/product"}],"wp:featuredmedia":[{"embeddable":true,"href":"https:\/\/balanced-body.lv\/lv\/wp-json\/wp\/v2\/media\/2680"}],"wp:attachment":[{"href":"https:\/\/balanced-body.lv\/lv\/wp-json\/wp\/v2\/media?parent=2679"}],"wp:term":[{"taxonomy":"product_brand","embeddable":true,"href":"https:\/\/balanced-body.lv\/lv\/wp-json\/wp\/v2\/product_brand?post=2679"},{"taxonomy":"product_cat","embeddable":true,"href":"https:\/\/balanced-body.lv\/lv\/wp-json\/wp\/v2\/product_cat?post=2679"},{"taxonomy":"product_tag","embeddable":true,"href":"https:\/\/balanced-body.lv\/lv\/wp-json\/wp\/v2\/product_tag?post=2679"}],"curies":[{"name":"wp","href":"https:\/\/api.w.org\/{rel}","templated":true}]}}