{"id":2726,"date":"2025-08-29T11:09:03","date_gmt":"2025-08-29T11:09:03","guid":{"rendered":"https:\/\/balanced-body.lv\/product\/rialto-reformer-jumpboard\/"},"modified":"2025-11-20T10:01:59","modified_gmt":"2025-11-20T10:01:59","slug":"rialto-reformer-jumpboard","status":"publish","type":"product","link":"https:\/\/balanced-body.lv\/lv\/rialto-reformer-jumpboard\/","title":{"rendered":"Rialto Reformer Jumpboard"},"content":{"rendered":"<p>Balanced Body Jumpboard priek\u0161 Rialto Reformer ir iztur\u012bga platforma, kas \u012bpa\u0161i izstr\u0101d\u0101ta daudzpus\u012bgiem treni\u0146iem. Polster\u0113t\u0101 virsma nodro\u0161ina cietu pamatu l\u0113cieniem un pliometriskiem vingrin\u0101jumiem, padarot to ide\u0101li piem\u0113rotu intens\u012bviem un eksploz\u012bviem treni\u0146iem. Pliometriskie vingrin\u0101jumi, ko iesp\u0113jams veikt uz \u0161\u012bs platformas, ir \u0101tri, dinamiski un v\u0113rsti uz maksim\u0101lu treni\u0146u rezult\u0101tu sasnieg\u0161anu, vienlaikus stiprinot musku\u013cus, saites un c\u012bpslas.<\/p>\n<p>Turkl\u0101t \u0161o platformu var izmantot rehabilit\u0101cijas nol\u016bkos, k\u0101 to iesaka fizioterapeits vai \u0101rsts. T\u0101s polster\u0113t\u0101 virsma biomeh\u0101niski atbalsta pareizu st\u0101jas poz\u012bciju gu\u013cus st\u0101vokl\u012b uz reformera, kas ir svar\u012bgi gan treni\u0146iem, gan apak\u0161\u0113jo ekstremit\u0101\u0161u traumu dziedin\u0101\u0161anas proces\u0101.<\/p>\n<p>Pilates instruktori nov\u0113rt\u0113 Padded Jumpboard daudzpus\u012bbu, izstr\u0101d\u0101jot jaunus vingrin\u0101jumus un piel\u0101gojot eso\u0161os katra nodarb\u012bbas dal\u012bbnieka individu\u0101lajiem m\u0113r\u0137iem. \u0160is atz\u012btais r\u012bks bie\u017ei tiek uzskat\u012bts par b\u016btisku reformera piederumu.<\/p>\n<p>Rialto Jumpboard izm\u0113ri ir 803 cm x 51 cm, padarot to par ide\u0101lu virsmu pla\u0161a vingrin\u0101jumu kl\u0101sta veik\u0161anai \u0113rti un efekt\u012bvi. Platforma nodro\u0161ina lielisku kardio treni\u0146a un atsperu pretest\u012bbas kombin\u0101ciju uz reformera, veicinot gan korsetes muskulat\u016bras, gan apak\u0161\u0113j\u0101s \u0137erme\u0146a da\u013cas att\u012bst\u012bbu un stiprin\u0101\u0161anu.<\/p>\n","protected":false},"excerpt":{"rendered":"<p>Daudzfunkcion\u0101la platforma l\u0113k\u0161anai gu\u013cus st\u0101vokl\u012b uz reformera. \u0160is piederums \u013cauj b\u016btiski modific\u0113t un papla\u0161in\u0101t Pilates treni\u0146u iesp\u0113jas. Kardiotreni\u0146u apvienojums ar atsperu pretest\u012bbu nodro\u0161ina optim\u0101lu sportisko un visp\u0101r\u0113jo fizisko sagatavot\u012bbu.<\/p>\n<ul>\n<li>Nodro\u0161ina daudzveid\u012bgu un dinamisku treni\u0146u uz reformera<\/li>\n<li>Iztur\u012bga, stabila un dro\u0161a virsma lieto\u0161anai<\/li>\n<li>Biomeh\u0101nisks atbalsts pareizai st\u0101jas poz\u012bcijai<\/li>\n<li>Veicina sp\u0113ka, iztur\u012bbas un fizisk\u0101s formas uzlabo\u0161anu<\/li>\n<li>Cieta virsma l\u0113k\u0161anai un pliometriskiem vingrin\u0101jumiem<\/li>\n<li>Viegla uzst\u0101d\u012b\u0161ana ar rokturiem<\/li>\n<li>Paredz\u0113ta: Rialto Reformer<\/li>\n<\/ul>\n","protected":false},"featured_media":2728,"template":"","meta":{"_acf_changed":false,"_kad_post_transparent":"default","_kad_post_title":"","_kad_post_layout":"default","_kad_post_sidebar_id":"","_kad_post_content_style":"default","_kad_post_vertical_padding":"default","_kad_post_feature":"","_kad_post_feature_position":"","_kad_post_header":false,"_kad_post_footer":false,"_kad_post_classname":""},"product_brand":[],"product_cat":[159],"product_tag":[809,746,1080],"class_list":{"0":"post-2726","1":"product","2":"type-product","3":"status-publish","4":"has-post-thumbnail","6":"product_cat-jumpboards","7":"product_tag-jumpboard","8":"product_tag-rialto-reformer","9":"product_tag-rialto-reformer-jumpboard","11":"first","12":"instock","13":"sold-individually","14":"shipping-taxable","15":"product-type-simple","16":"entry","17":"content-bg","18":"loop-entry"},"acf":[],"_links":{"self":[{"href":"https:\/\/balanced-body.lv\/lv\/wp-json\/wp\/v2\/product\/2726","targetHints":{"allow":["GET"]}}],"collection":[{"href":"https:\/\/balanced-body.lv\/lv\/wp-json\/wp\/v2\/product"}],"about":[{"href":"https:\/\/balanced-body.lv\/lv\/wp-json\/wp\/v2\/types\/product"}],"wp:featuredmedia":[{"embeddable":true,"href":"https:\/\/balanced-body.lv\/lv\/wp-json\/wp\/v2\/media\/2728"}],"wp:attachment":[{"href":"https:\/\/balanced-body.lv\/lv\/wp-json\/wp\/v2\/media?parent=2726"}],"wp:term":[{"taxonomy":"product_brand","embeddable":true,"href":"https:\/\/balanced-body.lv\/lv\/wp-json\/wp\/v2\/product_brand?post=2726"},{"taxonomy":"product_cat","embeddable":true,"href":"https:\/\/balanced-body.lv\/lv\/wp-json\/wp\/v2\/product_cat?post=2726"},{"taxonomy":"product_tag","embeddable":true,"href":"https:\/\/balanced-body.lv\/lv\/wp-json\/wp\/v2\/product_tag?post=2726"}],"curies":[{"name":"wp","href":"https:\/\/api.w.org\/{rel}","templated":true}]}}