{"id":2821,"date":"2025-08-29T10:57:20","date_gmt":"2025-08-29T10:57:20","guid":{"rendered":"https:\/\/balanced-body.lv\/product\/sitting-box-lite\/"},"modified":"2025-11-20T10:02:05","modified_gmt":"2025-11-20T10:02:05","slug":"sitting-box-lite","status":"publish","type":"product","link":"https:\/\/balanced-body.lv\/lv\/sitting-box-lite\/","title":{"rendered":"Sitting Box Lite"},"content":{"rendered":"<p>Sitting Box Lite ir viegls un ekonomisks produkts, kas lieliski papildina treni\u0146us ar reformeru. Izgatavots no iztur\u012bgas augstas bl\u012bvuma putu materi\u0101la, tas pied\u0101v\u0101 visas tradicion\u0101l\u0101 Sitting Box funkcijas par iev\u0113rojami zem\u0101ku cenu un svaru. Ide\u0101li piem\u0113rots vingrin\u0101jumiem gu\u013cus poz\u012bcij\u0101, piem\u0113ram, korsetes muskulat\u016bras stiprin\u0101\u0161anai un s\u0101nu stiep\u0161anai. Sitting Box Lite ir ar\u012b daudzpus\u012bgs pal\u012bgl\u012bdzeklis Pilates vingrojumiem uz pakl\u0101ji\u0146a.<\/p>\n<p>Sitting Box Lite apak\u0161da\u013c\u0101 ir izgriezumi, kas prec\u012bzi un dro\u0161i piegu\u013c Balanced Body reformeru plecu balstiem. T\u0101 noapa\u013cot\u0101s malas nodro\u0161ina komfortu vingrin\u0101jumu laik\u0101 gu\u013cus poz\u012bcij\u0101, vienlaikus garant\u0113jot stabilu atbalstu da\u017e\u0101du kust\u012bbu laik\u0101, piem\u0113ram, vingrin\u0101jum\u0101 &#8220;Swan&#8221;.<\/p>\n<p>Sverot tikai 2 kg, Sitting Box Lite ir viegli p\u0101rn\u0113s\u0101jams, sakraujams un uzglab\u0101jams. Pateicoties augstas bl\u012bvuma putu konstrukcijai un tekstur\u0113tajai virsmai, lietot\u0101ji vingrojumu laik\u0101 j\u016btas dro\u0161i un stabili, nebaidoties no sl\u012bd\u0113\u0161anas. \u012apa\u0161i iztur\u012bg\u0101, patent\u0113\u0161anas proces\u0101 eso\u0161\u0101 Balanced Body kaste meln\u0101 kr\u0101s\u0101 nov\u0113r\u0161 vinila st\u016bru pl\u012b\u0161anas risku, padarot to ne tikai praktisku, bet ar\u012b ilgnotur\u012bgu.<\/p>\n","protected":false},"excerpt":{"rendered":"<p>Viegls, ekonomisks un daudzpus\u012bgs aksesu\u0101rs reformera un vingro\u0161anas pakl\u0101ja treni\u0146iem. Sitting Box Lite ir izgatavots no iztur\u012bgas augsta bl\u012bvuma putuplasta un pied\u0101v\u0101 tradicion\u0101l\u0101s kastes funkcijas par da\u013cu no t\u0101s cenas. Tam ir \u012bpa\u0161i izgriezumi plecu balstiem un noapa\u013cotas malas papildu komfortam. Tekstur\u0113t\u0101 aug\u0161\u0113j\u0101 virsma nodro\u0161ina stabilit\u0101ti vingrojumu laik\u0101. Viegli p\u0101rn\u0113s\u0101jams un uzglab\u0101jams, ar patentu izskat\u012b\u0161an\u0101. Ide\u0101li piem\u0113rots efekt\u012bviem un \u0113rtiem treni\u0146iem.<\/p>\n<ul>\n<li>Ide\u0101ls r\u012bks Pilates treni\u0146u papla\u0161in\u0101\u0161anai un da\u017e\u0101do\u0161anai<\/li>\n<li>Tekstur\u0113ta aug\u0161\u0113j\u0101 virsma<\/li>\n<li>Ergonomiski noapa\u013cotas malas<\/li>\n<li>Izgriezumi apak\u0161\u0101 plecu balstiem<\/li>\n<li>Viegls (2 kg) un izgatavots no bl\u012bva putuplasta<\/li>\n<li>Optim\u0101ls kastes izm\u0113rs katram lietot\u0101jam<\/li>\n<li>Piem\u0113rots vingrojumiem s\u0113dus un gu\u013cus poz\u012bcij\u0101s<\/li>\n<li>Kr\u0101sa: melna<\/li>\n<\/ul>\n","protected":false},"featured_media":8508,"template":"","meta":{"_acf_changed":false,"_kad_post_transparent":"default","_kad_post_title":"","_kad_post_layout":"default","_kad_post_sidebar_id":"","_kad_post_content_style":"default","_kad_post_vertical_padding":"default","_kad_post_feature":"","_kad_post_feature_position":"","_kad_post_header":false,"_kad_post_footer":false,"_kad_post_classname":""},"product_brand":[],"product_cat":[163],"product_tag":[306,974,987,988],"class_list":{"0":"post-2821","1":"product","2":"type-product","3":"status-publish","4":"has-post-thumbnail","6":"product_cat-sitting-boxes","7":"product_tag-balanced-body","8":"product_tag-sitting-box-balanced-body","9":"product_tag-sitting-box-lite","10":"product_tag-sitting-box-pilates","12":"first","13":"instock","14":"sold-individually","15":"shipping-taxable","16":"product-type-simple","17":"entry","18":"content-bg","19":"loop-entry"},"acf":[],"_links":{"self":[{"href":"https:\/\/balanced-body.lv\/lv\/wp-json\/wp\/v2\/product\/2821","targetHints":{"allow":["GET"]}}],"collection":[{"href":"https:\/\/balanced-body.lv\/lv\/wp-json\/wp\/v2\/product"}],"about":[{"href":"https:\/\/balanced-body.lv\/lv\/wp-json\/wp\/v2\/types\/product"}],"wp:featuredmedia":[{"embeddable":true,"href":"https:\/\/balanced-body.lv\/lv\/wp-json\/wp\/v2\/media\/8508"}],"wp:attachment":[{"href":"https:\/\/balanced-body.lv\/lv\/wp-json\/wp\/v2\/media?parent=2821"}],"wp:term":[{"taxonomy":"product_brand","embeddable":true,"href":"https:\/\/balanced-body.lv\/lv\/wp-json\/wp\/v2\/product_brand?post=2821"},{"taxonomy":"product_cat","embeddable":true,"href":"https:\/\/balanced-body.lv\/lv\/wp-json\/wp\/v2\/product_cat?post=2821"},{"taxonomy":"product_tag","embeddable":true,"href":"https:\/\/balanced-body.lv\/lv\/wp-json\/wp\/v2\/product_tag?post=2821"}],"curies":[{"name":"wp","href":"https:\/\/api.w.org\/{rel}","templated":true}]}}