{"id":2979,"date":"2025-08-29T10:50:25","date_gmt":"2025-08-29T10:50:25","guid":{"rendered":"https:\/\/balanced-body.lv\/product\/contrology-box\/"},"modified":"2025-11-20T10:02:15","modified_gmt":"2025-11-20T10:02:15","slug":"contrology-box","status":"publish","type":"product","link":"https:\/\/balanced-body.lv\/lv\/contrology-box\/","title":{"rendered":"Contrology Box"},"content":{"rendered":"<p>Contrology Box ir reformera vingrojumu kaste, r\u016bp\u012bgi izstr\u0101d\u0101ta, lai atveidotu autentisko izskatu un stilu ori\u0123in\u0101lajam Pilates apr\u012bkojumam, pied\u0101v\u0101jot lietot\u0101jiem t\u0101du pa\u0161u pieredzi k\u0101 treni\u0146os uz D\u017eo Pilatesa rad\u012btaj\u0101m iek\u0101rt\u0101m. T\u0101 lieliski papildina studijas, kas apr\u012bkotas ar klasiskajiem reformeriem, nodro\u0161inot jaunas treni\u0146u iesp\u0113jas.<\/p>\n<p>Kaste \u013cauj da\u017e\u0101dot treni\u0146us, pievienojot jaunus elementus. Galvenok\u0101rt paredz\u0113ta vingrojumiem gu\u013cus un s\u0113dus poz\u012bcij\u0101s, kas stiprina un izstiepj musku\u013cus.<\/p>\n<p>\u0160\u012b klasisk\u0101 kaste ir izgatavota no iztur\u012bgiem materi\u0101liem \u2014 koka konstrukcija, kas p\u0101rkl\u0101ta ar augstas bl\u012bvuma putuplastu, 19,05 mm biezum\u0101. T\u0101 nodro\u0161ina lielisku atbalstu mugurkaulam, pied\u0101v\u0101jot gan izaicin\u0101jumu, gan autentisku pieredzi lietot\u0101jiem. Contrology Box ir apr\u012bkota ar\u012b ar met\u0101la rokturiem \u0113rtai p\u0101rn\u0113s\u0101\u0161anai un transport\u0113\u0161anai, k\u0101 ar\u012b ar iztur\u012bgu melnu polster\u0113jumu, kas ir viegli kopjams.<\/p>\n","protected":false},"excerpt":{"rendered":"<p>Klasisk\u0101 polster\u0113t\u0101 kaste no Contrology s\u0113rijas ir b\u016btisks aksesu\u0101rs reformera vingrin\u0101jumiem, papla\u0161inot treni\u0146u kl\u0101stu. L\u012bdz ar savu ori\u0123in\u0101lo izskatu un stilu t\u0101 pied\u0101v\u0101 autentisku treni\u0146u pieredzi.  <\/p>\n<ul>\n<li>Izstr\u0101d\u0101ta Contrology Reformer ier\u012bcei<\/li>\n<li>Uztic\u012bgi atveido ori\u0123in\u0101lo dizainu un nodro\u0161ina autentiskas saj\u016btas<\/li>\n<li>Papla\u0161ina klasisko reformera vingrin\u0101jumu kl\u0101stu<\/li>\n<li>Izmantojama vingrin\u0101jumiem gu\u013cus un s\u0113dus poz\u012bcij\u0101s<\/li>\n<li>Apr\u012bkota ar diviem met\u0101la rokturiem \u0113rtai p\u0101rvieto\u0161anai<\/li>\n<li>Polster\u0113ta ar bl\u012bvu, stingru putu materi\u0101lu<\/li>\n<li>Melns, viegli kopjams polster\u0113jums<\/li>\n<\/ul>\n","protected":false},"featured_media":8503,"template":"","meta":{"_acf_changed":false,"_kad_post_transparent":"default","_kad_post_title":"","_kad_post_layout":"default","_kad_post_sidebar_id":"","_kad_post_content_style":"default","_kad_post_vertical_padding":"default","_kad_post_feature":"","_kad_post_feature_position":"","_kad_post_header":false,"_kad_post_footer":false,"_kad_post_classname":""},"product_brand":[],"product_cat":[170,163],"product_tag":[789,413,790],"class_list":{"0":"post-2979","1":"product","2":"type-product","3":"status-publish","4":"has-post-thumbnail","6":"product_cat-contrology-accessories","7":"product_cat-sitting-boxes","8":"product_tag-box-contrology","9":"product_tag-contrology","10":"product_tag-contrology-box","12":"first","13":"instock","14":"sold-individually","15":"shipping-taxable","16":"product-type-simple","17":"entry","18":"content-bg","19":"loop-entry"},"acf":[],"_links":{"self":[{"href":"https:\/\/balanced-body.lv\/lv\/wp-json\/wp\/v2\/product\/2979","targetHints":{"allow":["GET"]}}],"collection":[{"href":"https:\/\/balanced-body.lv\/lv\/wp-json\/wp\/v2\/product"}],"about":[{"href":"https:\/\/balanced-body.lv\/lv\/wp-json\/wp\/v2\/types\/product"}],"wp:featuredmedia":[{"embeddable":true,"href":"https:\/\/balanced-body.lv\/lv\/wp-json\/wp\/v2\/media\/8503"}],"wp:attachment":[{"href":"https:\/\/balanced-body.lv\/lv\/wp-json\/wp\/v2\/media?parent=2979"}],"wp:term":[{"taxonomy":"product_brand","embeddable":true,"href":"https:\/\/balanced-body.lv\/lv\/wp-json\/wp\/v2\/product_brand?post=2979"},{"taxonomy":"product_cat","embeddable":true,"href":"https:\/\/balanced-body.lv\/lv\/wp-json\/wp\/v2\/product_cat?post=2979"},{"taxonomy":"product_tag","embeddable":true,"href":"https:\/\/balanced-body.lv\/lv\/wp-json\/wp\/v2\/product_tag?post=2979"}],"curies":[{"name":"wp","href":"https:\/\/api.w.org\/{rel}","templated":true}]}}