{"id":3081,"date":"2025-08-29T10:16:42","date_gmt":"2025-08-29T10:16:42","guid":{"rendered":"https:\/\/balanced-body.lv\/product\/wall-tower\/"},"modified":"2026-03-13T09:20:13","modified_gmt":"2026-03-13T09:20:13","slug":"wall-tower","status":"publish","type":"product","link":"https:\/\/balanced-body.lv\/lv\/wall-tower\/","title":{"rendered":"Wall Tower"},"content":{"rendered":"<p>Neskatoties uz savu kompakto izm\u0113ru, Wall Tower nodro\u0161ina liel\u0101ko da\u013cu Trapeze Table treni\u0146u funkcionalit\u0101tes. To var izmantot da\u017e\u0101diem vingrin\u0101jumiem, izmantojot tradicion\u0101lo vingro\u0161anas pakl\u0101ju vai paaugstin\u0101tu pakl\u0101ju, kas novietots uz gr\u012bdas, k\u0101 ar\u012b jebkura augstuma reformeru, papla\u0161inot un da\u017e\u0101dojot j\u016bsu Pilates treni\u0146u.<\/p>\n<p>Tor\u0146a augst\u0101, stabil\u0101 konstrukcija, kas stingri piestiprin\u0101ta pie sienas un gr\u012bdas, nodro\u0161ina maksim\u0101lu dro\u0161\u012bbu gan lietot\u0101jiem, gan treneriem. \u0160is ekonomiskais risin\u0101jums ir piem\u0113rots gan grupu, gan individu\u0101laj\u0101m nodarb\u012bb\u0101m.<\/p>\n<p>Wall Tower ir apr\u012bkots ar cilpu, atsperu un stie\u0146u komplektu, kas piestiprin\u0101mi izv\u0113l\u0113tajos r\u0101mja punktos, \u013caujot da\u017e\u0101dot treni\u0146u un piel\u0101got to lietot\u0101ju vajadz\u012bb\u0101m un sp\u0113j\u0101m, tostarp tiem, kuriem nepiecie\u0161ama rehabilit\u0101cija un terapija. Turkl\u0101t unik\u0101l\u0101 PTB sist\u0113ma \u013cauj br\u012bvi main\u012bt t\u0101s poz\u012bciju, piel\u0101gojoties lietot\u0101ju vajadz\u012bb\u0101m un jebkura izm\u0113ra pakl\u0101ja vai reformera augstumam.<\/p>\n<p>Wall Tower tiek pied\u0101v\u0101ts ar ierobe\u017eotu 10 gadu garantiju.<\/p>\n","protected":false},"excerpt":{"rendered":"<p>Gandr\u012bz pilna Trapeze Table funkcionalit\u0101te ekonomisk\u0101 un kompakt\u0101 form\u0101. Dro\u0161i piestiprin\u0101ts un vietu taupo\u0161s tornis ir elast\u012bgs un \u0113rts risin\u0101jums pat vismaz\u0101kajiem Pilates studij\u0101m.<\/p>\n<ul>\n<li>Stiprs un dro\u0161s r\u0101mis no ner\u016bs\u0113jo\u0161\u0101 t\u0113rauda<\/li>\n<li>Push-through stienis \u0101tri un vienm\u0113r\u012bgi piel\u0101gojams 8 poz\u012bcij\u0101s<\/li>\n<li>Klusas un vienm\u0113r\u012bgas tor\u0146a kust\u012bgo da\u013cu darb\u012bbas<\/li>\n<li>Torni var piel\u0101got da\u017e\u0101da augstuma virsm\u0101m<\/li>\n<li>Papildu piederumi: augsta un iztur\u012bga vingro\u0161anas pakl\u0101ji\u0146a un Moon Box<\/li>\n<li>10 gadu ierobe\u017eota garantija<\/li>\n<\/ul>\n","protected":false},"featured_media":3083,"template":"","meta":{"_acf_changed":false,"_kad_post_transparent":"default","_kad_post_title":"","_kad_post_layout":"default","_kad_post_sidebar_id":"","_kad_post_content_style":"default","_kad_post_vertical_padding":"default","_kad_post_feature":"","_kad_post_feature_position":"","_kad_post_header":false,"_kad_post_footer":false,"_kad_post_classname":""},"product_brand":[],"product_cat":[175],"product_tag":[451,452],"class_list":{"0":"post-3081","1":"product","2":"type-product","3":"status-publish","4":"has-post-thumbnail","6":"product_cat-pilates-towers","7":"product_tag-wall-tower","8":"product_tag-wall-tower-balanced-body-wall-tower-pilates","10":"first","11":"instock","12":"sold-individually","13":"shipping-taxable","14":"product-type-simple","15":"entry","16":"content-bg","17":"loop-entry"},"acf":[],"_links":{"self":[{"href":"https:\/\/balanced-body.lv\/lv\/wp-json\/wp\/v2\/product\/3081","targetHints":{"allow":["GET"]}}],"collection":[{"href":"https:\/\/balanced-body.lv\/lv\/wp-json\/wp\/v2\/product"}],"about":[{"href":"https:\/\/balanced-body.lv\/lv\/wp-json\/wp\/v2\/types\/product"}],"wp:featuredmedia":[{"embeddable":true,"href":"https:\/\/balanced-body.lv\/lv\/wp-json\/wp\/v2\/media\/3083"}],"wp:attachment":[{"href":"https:\/\/balanced-body.lv\/lv\/wp-json\/wp\/v2\/media?parent=3081"}],"wp:term":[{"taxonomy":"product_brand","embeddable":true,"href":"https:\/\/balanced-body.lv\/lv\/wp-json\/wp\/v2\/product_brand?post=3081"},{"taxonomy":"product_cat","embeddable":true,"href":"https:\/\/balanced-body.lv\/lv\/wp-json\/wp\/v2\/product_cat?post=3081"},{"taxonomy":"product_tag","embeddable":true,"href":"https:\/\/balanced-body.lv\/lv\/wp-json\/wp\/v2\/product_tag?post=3081"}],"curies":[{"name":"wp","href":"https:\/\/api.w.org\/{rel}","templated":true}]}}