{"id":3126,"date":"2025-08-29T10:15:43","date_gmt":"2025-08-29T10:15:43","guid":{"rendered":"https:\/\/balanced-body.lv\/product\/contrology-wunda-chair\/"},"modified":"2025-11-20T10:02:24","modified_gmt":"2025-11-20T10:02:24","slug":"contrology-wunda-chair","status":"publish","type":"product","link":"https:\/\/balanced-body.lv\/lv\/contrology-wunda-chair\/","title":{"rendered":"Contrology Wunda Chair"},"content":{"rendered":"<p>Contrology Wunda Chair atjauno D\u017eozefa Pilatesa izstr\u0101d\u0101t\u0101 Wunda Chair dizainu ar visliel\u0101ko precizit\u0101ti. Balanced Body speci\u0101listi r\u016bp\u012bgi izm\u0113r\u012bja ori\u0123in\u0101los kr\u0113slus, ko bija izgatavojis pats Pilates un kurus vi\u0146\u0161 izmantoja sav\u0101 studij\u0101, k\u0101 ar\u012b kuri pieder\u0113ja Ketei Stenfordai Grantai. Rezult\u0101ts ir gandr\u012bz perfekta ori\u0123in\u0101l\u0101 Wunda Chair pretest\u012bbas un \u0123eometrijas atdarin\u0101\u0161ana.<\/p>\n<p>Kr\u0113sla polster\u0113tais, nesl\u012bdo\u0161ais ped\u0101lis ir viegl\u0101ks nek\u0101 vairums citu kr\u0113slu ped\u0101\u013cu, ta\u010du \u0101rk\u0101rt\u012bgi iztur\u012bgs. Turkl\u0101t t\u0101 s\u0113nes formas dizains \u013cauj lietot\u0101jiem aptvert ped\u0101li ar pirkstiem, nodro\u0161inot efekt\u012bv\u0101ku vingrin\u0101jumu izpildi.<\/p>\n<p>Contrology Wunda Chair ir \u012bpa\u0161i efekt\u012bvs r\u012bks visa \u0137erme\u0146a iztur\u012bbas veido\u0161anai. Tas padara to ide\u0101li piem\u0113rotu ar\u012b sporta treni\u0146iem, veicinot lietot\u0101ju snieguma uzlabo\u0161anos.<\/p>\n<p>Wunda Chair aiz\u0146em maz vietas, t\u0101p\u0113c tas ir lieliski piem\u0113rots studij\u0101m un dz\u012bvok\u013ciem, kur katrs centimetrs ir svar\u012bgs.<\/p>\n<p>Contrology Wunda Chair tiek pied\u0101v\u0101ts ar ierobe\u017eotu 10 gadu garantiju.<\/p>\n","protected":false},"excerpt":{"rendered":"<p>Contrology\u00a0Wunda Chair ir kr\u0113sls, kas piln\u012bb\u0101 atveido ori\u0123in\u0101lo apr\u012bkojuma dizainu, ko izstr\u0101d\u0101ja un izmantoja D\u017eozefs Pilatess sav\u0101 studij\u0101. Tas \u013cauj att\u012bst\u012bt visa \u0137erme\u0146a sp\u0113ku un iztur\u012bbu, pat neliel\u0101 telp\u0101.<\/p>\n<ul>\n<li>Klasisks dizains, izm\u0113rs un \u0123eometrija \u2013 no r\u0101mja l\u012bdz ped\u0101lim<\/li>\n<li>Iztur\u012bgs r\u0101mis ar pape\u013cu lamin\u0101ta apdari<\/li>\n<li>Viegla un \u0113rta spir\u0101latsperu piestiprin\u0101\u0161ana<\/li>\n<li>Viens nesl\u012bdo\u0161s, s\u0113nes formas ped\u0101lis<\/li>\n<li>Polster\u0113ts s\u0113deklis<\/li>\n<li>10 gadu ierobe\u017eota garantija<\/li>\n<\/ul>\n","protected":false},"featured_media":3128,"template":"","meta":{"_acf_changed":false,"_kad_post_transparent":"","_kad_post_title":"","_kad_post_layout":"","_kad_post_sidebar_id":"","_kad_post_content_style":"","_kad_post_vertical_padding":"","_kad_post_feature":"","_kad_post_feature_position":"","_kad_post_header":false,"_kad_post_footer":false,"_kad_post_classname":""},"product_brand":[],"product_cat":[171,168],"product_tag":[478,479,480],"class_list":{"0":"post-3126","1":"product","2":"type-product","3":"status-publish","4":"has-post-thumbnail","6":"product_cat-contrology-apparatus","7":"product_cat-pilates-chairs","8":"product_tag-contrology-chair","9":"product_tag-contrology-wunda-chair","10":"product_tag-wunda-chair-contrology","12":"first","13":"instock","14":"sold-individually","15":"shipping-taxable","16":"product-type-simple","17":"entry","18":"content-bg","19":"loop-entry"},"acf":[],"_links":{"self":[{"href":"https:\/\/balanced-body.lv\/lv\/wp-json\/wp\/v2\/product\/3126","targetHints":{"allow":["GET"]}}],"collection":[{"href":"https:\/\/balanced-body.lv\/lv\/wp-json\/wp\/v2\/product"}],"about":[{"href":"https:\/\/balanced-body.lv\/lv\/wp-json\/wp\/v2\/types\/product"}],"wp:featuredmedia":[{"embeddable":true,"href":"https:\/\/balanced-body.lv\/lv\/wp-json\/wp\/v2\/media\/3128"}],"wp:attachment":[{"href":"https:\/\/balanced-body.lv\/lv\/wp-json\/wp\/v2\/media?parent=3126"}],"wp:term":[{"taxonomy":"product_brand","embeddable":true,"href":"https:\/\/balanced-body.lv\/lv\/wp-json\/wp\/v2\/product_brand?post=3126"},{"taxonomy":"product_cat","embeddable":true,"href":"https:\/\/balanced-body.lv\/lv\/wp-json\/wp\/v2\/product_cat?post=3126"},{"taxonomy":"product_tag","embeddable":true,"href":"https:\/\/balanced-body.lv\/lv\/wp-json\/wp\/v2\/product_tag?post=3126"}],"curies":[{"name":"wp","href":"https:\/\/api.w.org\/{rel}","templated":true}]}}