{"id":3444,"date":"2025-08-28T21:02:52","date_gmt":"2025-08-28T21:02:52","guid":{"rendered":"https:\/\/balanced-body.lv\/product\/iq-reformer\/"},"modified":"2026-04-14T08:19:20","modified_gmt":"2026-04-14T08:19:20","slug":"iq-reformer","status":"publish","type":"product","link":"https:\/\/balanced-body.lv\/lv\/iq-reformer\/","title":{"rendered":"Metro IQ Reformer"},"content":{"rendered":"<p>Pilates Metro IQ Reformer ir daudzfunkcion\u0101ls vingro\u0161anas un rehabilit\u0101cijas r\u012bks, kas pied\u0101v\u0101 visas tradicion\u0101lo reformeru funkcijas. T\u0101 elegantais dizains, profesion\u0101l\u0101s iesp\u0113jas, \u0113rta uzglab\u0101\u0161ana un pieejam\u0101 cena padara Balanced Body Metro IQ Reformer par ide\u0101lu izv\u0113li m\u0101jas lietot\u0101jiem.<\/p>\n<p>Izcil\u0101 konstrukcija \u2013 teleskopiskais r\u0101mis, viegli lietojama slie\u017eu atbr\u012bvo\u0161anas un fiks\u0113\u0161anas sist\u0113ma, k\u0101 ar\u012b rite\u0146i \u2013 \u013cauj sa\u012bsin\u0101t ier\u012bci, \u0113rti to p\u0101rvietot un \u0101tri un vienk\u0101r\u0161i uzglab\u0101t zem gultas, skap\u012b vai skap\u012bt\u012b. Pateicoties tam, lietot\u0101ji var izmantot t\u0101s att\u012bst\u012bt\u0101s iesp\u0113jas un neaizvietojamo treni\u0146u efektu pat nelielos dz\u012bvok\u013cos. Neskatoties uz teleskopisko konstrukciju, Metro IQ Reformer nodro\u0161ina vienm\u0113r\u012bgu un klusu darb\u012bbu, netrauc\u0113jot treni\u0146am.<\/p>\n<p>Lai gan Metro IQ Reformer ir ieteicams lieto\u0161anai m\u0101j\u0101s, t\u0101pat k\u0101 citi Balanced Body reformeri, ko izmanto profesion\u0101liem treni\u0146iem Pilates studij\u0101s, tas ir apr\u012bkots, cita starp\u0101, ar p\u0101rbaud\u012btu atsperu un virvju sist\u0113mu, kas nodro\u0161ina atbilsto\u0161u, progres\u012bvu pretest\u012bbu.<\/p>\n<p>Pilates Metro IQ Reformer tiek pied\u0101v\u0101ts ar ierobe\u017eotu 2 gadu garantiju nekomerci\u0101lai lieto\u0161anai.<\/p>\n","protected":false},"excerpt":{"rendered":"<p>Teleskopisks Pilates reformers ar inovat\u012bvu dizainu un teleskopisku r\u0101mi \u0113rtai uzglab\u0101\u0161anai. Paredz\u0113ts lieto\u0161anai m\u0101jas apst\u0101k\u013cos.<\/p>\n<ul>\n<li>Teleskopisks, salok\u0101ms r\u0101mis no anod\u0113ta alum\u012bnija \u2013 reformera garumu var samazin\u0101t gandr\u012bz par 1 metru<\/li>\n<li>Piel\u0101gota 8 rite\u0146u sist\u0113ma nodro\u0161ina klusu un vienm\u0113r\u012bgu kust\u012bbu<\/li>\n<li>Var uzglab\u0101t vertik\u0101l\u0101 poz\u012bcij\u0101<\/li>\n<li>Viegl\u0101kais Balanced Body reformers (39 kg)<\/li>\n<li>Plats, regul\u0113jams, polster\u0113ts k\u0101ju balsts (4 poz\u012bcijas)<\/li>\n<li>Ierobe\u017eota 2 gadu garantija nekomerci\u0101liem lietot\u0101jiem<\/li>\n<\/ul>\n","protected":false},"featured_media":3445,"template":"","meta":{"_acf_changed":false,"_kad_post_transparent":"default","_kad_post_title":"","_kad_post_layout":"default","_kad_post_sidebar_id":"","_kad_post_content_style":"default","_kad_post_vertical_padding":"default","_kad_post_feature":"","_kad_post_feature_position":"","_kad_post_header":false,"_kad_post_footer":false,"_kad_post_classname":""},"product_brand":[],"product_cat":[173],"product_tag":[],"class_list":{"0":"post-3444","1":"product","2":"type-product","3":"status-publish","4":"has-post-thumbnail","6":"product_cat-pilates-reformers","8":"first","9":"instock","10":"sold-individually","11":"shipping-taxable","12":"product-type-simple","13":"entry","14":"content-bg","15":"loop-entry"},"acf":[],"_links":{"self":[{"href":"https:\/\/balanced-body.lv\/lv\/wp-json\/wp\/v2\/product\/3444","targetHints":{"allow":["GET"]}}],"collection":[{"href":"https:\/\/balanced-body.lv\/lv\/wp-json\/wp\/v2\/product"}],"about":[{"href":"https:\/\/balanced-body.lv\/lv\/wp-json\/wp\/v2\/types\/product"}],"wp:featuredmedia":[{"embeddable":true,"href":"https:\/\/balanced-body.lv\/lv\/wp-json\/wp\/v2\/media\/3445"}],"wp:attachment":[{"href":"https:\/\/balanced-body.lv\/lv\/wp-json\/wp\/v2\/media?parent=3444"}],"wp:term":[{"taxonomy":"product_brand","embeddable":true,"href":"https:\/\/balanced-body.lv\/lv\/wp-json\/wp\/v2\/product_brand?post=3444"},{"taxonomy":"product_cat","embeddable":true,"href":"https:\/\/balanced-body.lv\/lv\/wp-json\/wp\/v2\/product_cat?post=3444"},{"taxonomy":"product_tag","embeddable":true,"href":"https:\/\/balanced-body.lv\/lv\/wp-json\/wp\/v2\/product_tag?post=3444"}],"curies":[{"name":"wp","href":"https:\/\/api.w.org\/{rel}","templated":true}]}}